{"id":1511,"date":"2024-06-24T17:43:36","date_gmt":"2024-06-24T20:43:36","guid":{"rendered":"https:\/\/www.brde.com.br\/palacete\/?page_id=1511"},"modified":"2025-07-21T18:10:25","modified_gmt":"2025-07-21T21:10:25","slug":"editais","status":"publish","type":"page","link":"https:\/\/brde.com.br\/palacete\/editais\/","title":{"rendered":"EDITAIS BRDE CULTURAL"},"content":{"rendered":"<h2>EDITAL DE PATROC\u00cdNIO BRDE CULTURAL<br \/>\nPalacete dos Le\u00f5es 2026<\/h2>\n<p dir=\"ltr\" style=\"line-height: 1.38; margin-top: 0pt; margin-bottom: 0pt;\">Em comemora\u00e7\u00e3o aos 20 anos do Espa\u00e7o Cultural BRDE \u2013 Palacete dos Le\u00f5es, o Banco Regional de Desenvolvimento do Extremo Sul (BRDE) abre inscri\u00e7\u00f5es para o Patroc\u00ednios BRDE Cultural \u2013 Palacete dos Le\u00f5es 2026.<\/p>\n<p>O edital ir\u00e1 selecionar projetos que proponham duas exposi\u00e7\u00f5es coletivas de artes visuais e um programa educativo para integrar a programa\u00e7\u00e3o do espa\u00e7o em 2026, com um investimento total de R$ 300 mil, financiados via Lei Rouanet. O projeto n\u00e3o poder\u00e1 estar previamente aprovado no \u00e2mbito do Programa Nacional de Apoio \u00e0 Cultura (Pronac).<\/p>\n<h2>EDITAL 2026 | Encerrado<\/h2>\n<p><img decoding=\"async\" title=\"Design sem nome\" src=\"https:\/\/www.brde.com.br\/palacete\/wp-content\/uploads\/2025\/05\/Design-sem-nome.jpg\" alt=\"Design sem nome\" \/><\/p>\n<p><a href=\"https:\/\/www.brde.com.br\/palacete\/wp-content\/uploads\/2025\/05\/Edital-de-Patrocinio-BRDE-Cultural-\u2013-Palacete-dos-Leoes-2026-1.pdf\">Edital de Patroc\u00ednio BRDE Cultural \u2013 Palacete dos Le\u00f5es 2026\u00a0<\/a><\/p>\n<p><a href=\"https:\/\/www.brde.com.br\/palacete\/wp-content\/uploads\/2025\/05\/ANEXO-I-Declaracao_Patrocinios-BRDE-Cultural-Palacete.pdf\">ANEXO I &#8211; Declara\u00e7\u00e3o_Patroc\u00ednio BRDE Cultural &#8211; Palacete<\/a><\/p>\n<p><a href=\"https:\/\/www.brde.com.br\/palacete\/wp-content\/uploads\/2025\/05\/ANEXO-II-Planilha-Orcamentaria_Patrocinios-BRDE-Cultural-Palacete.xlsx\">ANEXO II &#8211; Planilha Or\u00e7ament\u00e1ria_Patroc\u00ednio BRDE Cultural &#8211; Palacete<\/a><\/p>\n<p><a href=\"https:\/\/www.brde.com.br\/palacete\/wp-content\/uploads\/2025\/05\/ANEXO-III-PLANTA-BAIXA-E-IMAGENS-Patrocinios-BRDE-Cultural-Palacete.pdf\">ANEXO III &#8211; PLANTA BAIXA E IMAGENS Patroc\u00ednio BRDE Cultural &#8211; Palacete<\/a><\/p>\n<p><a href=\"https:\/\/www.brde.com.br\/palacete\/wp-content\/uploads\/2025\/05\/ANEXO-IV-LGPD_Patrocinios-BRDE-Cultural-Palacete.pdf\">ANEXO IV &#8211; LGPD_Patroc\u00ednio BRDE Cultural &#8211; Palacete<\/a><\/p>\n<p><a style=\"background-color: #ffffff; font-size: 1rem;\" href=\"https:\/\/docs.google.com\/forms\/d\/e\/1FAIpQLSdJ71X8UmYzkAECulICKZbdyzEifWe5Rim6qaOJ-x_oolMGNg\/viewform\">Formul\u00e1rio de Inscri\u00e7\u00e3o 2026<\/a><\/p>\n<p><a href=\"https:\/\/docs.google.com\/document\/d\/10fn52Y50hjYLlsU4JNTJ2Zuy-yKyR0pbKZXF7mYRQJo\/edit?tab=t.0\">Perguntas e respostas<\/a><\/p>\n<p><a href=\"https:\/\/www.parana.pr.gov.br\/aen\/Noticia\/Edital-de-patrocinios-do-BRDE-para-projetos-culturais-e-prorrogado-ate-2-de-julho\">Prorroga\u00e7\u00e3o das Inscri\u00e7\u00f5es<\/a><\/p>\n<p><a href=\"https:\/\/incentivosfiscais.brde.com.br\/login.asp\">Portal de Incentivos<\/a><\/p>\n<p><a href=\"https:\/\/www.brde.com.br\/palacete\/wp-content\/uploads\/2025\/07\/Projetos-Inscritos_Edital-Palacete.pdf\">Projetos Inscritos<\/a><\/p>\n<p><a href=\"https:\/\/www.brde.com.br\/palacete\/wp-content\/uploads\/2025\/07\/Projetos-Selecionado_Edital-Palacete-1.pdf\" target=\"_blank\" rel=\"noopener\">Projeto Selecionado<\/a><\/p>\n<h2>EDITAL DE OCUPA\u00c7\u00c3O 2024 &#8211; 2025 |Encerrado<\/h2>\n<p>Desde 2005, o Espa\u00e7o Cultural BRDE \u2013 Palacete dos Le\u00f5es realiza uma convocat\u00f3ria p\u00fablica para selecionar projetos expositivos que passam a integrar seu calend\u00e1rio de atividades.<\/p>\n<p><img decoding=\"async\" title=\"pl_ecultural_banner_selecaoProjetos\" src=\"https:\/\/www.brde.com.br\/palacete\/wp-content\/uploads\/2020\/12\/pl_ecultural_banner_selecaoProjetos.jpg\" alt=\"pl_ecultural_banner_selecaoProjetos\" \/><\/p>\n<p style=\"color: #333f48; font-size: 17px;\"><a href=\"https:\/\/www.brde.com.br\/palacete\/wp-content\/uploads\/2024\/06\/EDITAL-BRDE_Palacete-2024-2025_VF.docx.pdf\">Edital de Ocupa\u00e7\u00e3o do Espa\u00e7o Cultural BRDE &#8211; Calend\u00e1rio 2024-2025<\/a><\/p>\n<p><a href=\"https:\/\/tinyurl.com\/EditalBRDE\">Formul\u00e1rio de Inscri\u00e7\u00e3o 2024-2025\u00a0<\/a><\/p>\n<p style=\"color: #333f48; font-size: 17px;\"><a href=\"https:\/\/www.brde.com.br\/palacete\/wp-content\/uploads\/2024\/06\/Anexo-I_Planta-baixa_BRDE_Palacete.pdf\">Anexo I &#8211; Planta baixa\u00a0<\/a><\/p>\n<p style=\"color: #333f48; font-size: 17px;\"><a href=\"https:\/\/www.brde.com.br\/palacete\/wp-content\/uploads\/2024\/06\/Anexo-II_Equipamentos-e-Mobiliario-Expografico_BRDE_Palacete.pdf\">Anexo II &#8211; Equipamentos e Mobili\u00e1rio<\/a><\/p>\n<p style=\"color: #333f48; font-size: 17px;\"><a href=\"https:\/\/www.brde.com.br\/palacete\/wp-content\/uploads\/2024\/08\/Instrumento-Particular-de-Cessao-de-Uso_BRDE_2024.docx-2.pdf\">Anexo III -Instrumento Particular de Cess\u00e3o de Uso<\/a><\/p>\n<p style=\"color: #333f48; font-size: 17px;\"><a href=\"https:\/\/www.brde.com.br\/palacete\/wp-content\/uploads\/2024\/08\/ERRATA-Edital-de-Ocupacao-2024-2025-1.pdf\">ERRATA\u00a0&#8211; Anexo III &#8211; Instrumento Particular de Cess\u00e3o de Uso\u00a0<\/a><\/p>\n<p style=\"color: #333f48; font-size: 17px;\"><a href=\"https:\/\/www.brde.com.br\/palacete\/wp-content\/uploads\/2024\/09\/Projetos-Inscritos_Edital.pdf\" target=\"_blank\" rel=\"noopener\">Projetos Inscritos<\/a><\/p>\n<p style=\"color: #333f48; font-size: 17px;\"><a href=\"https:\/\/www.brde.com.br\/palacete\/elementor-1829\/\">Resultado da Sele\u00e7\u00e3o do Edital de Ocupa\u00e7\u00e3o 2024-2025<\/a><\/p>\n<h2>EDITAL 2019 &#8211; 2020 | Encerrado<\/h2>\n<p><a href=\"https:\/\/www.brde.com.br\/palacete\/wp-content\/uploads\/2020\/12\/selecao-projetos.pdf\">Edital de Sele\u00e7\u00e3o de Projetos Calend\u00e1rio 2019-2020<\/a><\/p>\n<p><a style=\"font-family: var( --e-global-typography-text-font-family ), Sans-serif; font-weight: var( --e-global-typography-text-font-weight ); font-size: 1rem; background-color: #ffffff;\" href=\"https:\/\/www.brde.com.br\/palacete\/wp-content\/uploads\/2020\/12\/selecao-projetos-resultado.pdf\">Resultado da Sele\u00e7\u00e3o de Projetos Calend\u00e1rio 2019-2020<i>\u00a0<\/i><\/a><\/p>\n","protected":false},"excerpt":{"rendered":"<p>EDITAL DE PATROC\u00cdNIO BRDE CULTURAL Palacete dos Le\u00f5es 2026 Em comemora\u00e7\u00e3o aos 20 anos do Espa\u00e7o Cultural BRDE \u2013 Palacete dos Le\u00f5es, o Banco Regional de Desenvolvimento do Extremo Sul [&hellip;]<\/p>\n","protected":false},"author":1,"featured_media":0,"parent":0,"menu_order":0,"comment_status":"closed","ping_status":"closed","template":"","meta":{"footnotes":""},"class_list":["post-1511","page","type-page","status-publish","hentry"],"_links":{"self":[{"href":"https:\/\/brde.com.br\/palacete\/wp-json\/wp\/v2\/pages\/1511"}],"collection":[{"href":"https:\/\/brde.com.br\/palacete\/wp-json\/wp\/v2\/pages"}],"about":[{"href":"https:\/\/brde.com.br\/palacete\/wp-json\/wp\/v2\/types\/page"}],"author":[{"embeddable":true,"href":"https:\/\/brde.com.br\/palacete\/wp-json\/wp\/v2\/users\/1"}],"replies":[{"embeddable":true,"href":"https:\/\/brde.com.br\/palacete\/wp-json\/wp\/v2\/comments?post=1511"}],"version-history":[{"count":123,"href":"https:\/\/brde.com.br\/palacete\/wp-json\/wp\/v2\/pages\/1511\/revisions"}],"predecessor-version":[{"id":2508,"href":"https:\/\/brde.com.br\/palacete\/wp-json\/wp\/v2\/pages\/1511\/revisions\/2508"}],"wp:attachment":[{"href":"https:\/\/brde.com.br\/palacete\/wp-json\/wp\/v2\/media?parent=1511"}],"curies":[{"name":"wp","href":"https:\/\/api.w.org\/{rel}","templated":true}]}}