{"id":466,"date":"2020-12-10T22:44:24","date_gmt":"2020-12-11T01:44:24","guid":{"rendered":"http:\/\/palacetebrde.web277.uni5.net\/?page_id=466"},"modified":"2023-04-19T22:52:34","modified_gmt":"2023-04-20T01:52:34","slug":"espaco-cultural","status":"publish","type":"page","link":"https:\/\/brde.com.br\/espacoculturalflorianopolis\/espaco-cultural\/","title":{"rendered":"Espa\u00e7o Cultural"},"content":{"rendered":"\t\t<div data-elementor-type=\"wp-page\" data-elementor-id=\"466\" class=\"elementor elementor-466\" data-elementor-settings=\"[]\">\n\t\t\t\t\t\t<div class=\"elementor-inner\">\n\t\t\t\t\t\t\t<div class=\"elementor-section-wrap\">\n\t\t\t\t\t\t\t<section class=\"elementor-section elementor-top-section elementor-element elementor-element-b92cc83 elementor-section-full_width elementor-section-content-top elementor-section-stretched elementor-section-height-default elementor-section-height-default\" data-id=\"b92cc83\" data-element_type=\"section\" data-settings=\"{&quot;stretch_section&quot;:&quot;section-stretched&quot;}\">\n\t\t\t\t\t\t<div class=\"elementor-container elementor-column-gap-no\">\n\t\t\t\t\t\t\t<div class=\"elementor-row\">\n\t\t\t\t\t<div class=\"elementor-column elementor-col-100 elementor-top-column elementor-element elementor-element-45e0e10\" data-id=\"45e0e10\" data-element_type=\"column\">\n\t\t\t<div class=\"elementor-column-wrap elementor-element-populated\">\n\t\t\t\t\t\t\t<div class=\"elementor-widget-wrap\">\n\t\t\t\t\t\t<div class=\"elementor-element elementor-element-52dd2b5 elementor-widget elementor-widget-image\" data-id=\"52dd2b5\" data-element_type=\"widget\" data-widget_type=\"image.default\">\n\t\t\t\t<div class=\"elementor-widget-container\">\n\t\t\t\t\t<div class=\"elementor-image\">\n\t\t\t\t\t\t\t\t\t\t<img data-opt-src=\"https:\/\/mlzhaolebfoy.i.optimole.com\/w:auto\/h:auto\/q:mauto\/f:best\/https:\/\/brde.com.br\/espacoculturalflorianopolis\/wp-content\/uploads\/2021\/04\/cr_eCultural_banner_intro.jpg\"  decoding=\"async\" src=\"https:\/\/mlzhaolebfoy.i.optimole.com\/w:auto\/h:auto\/q:eco\/f:best\/https:\/\/brde.com.br\/espacoculturalflorianopolis\/wp-content\/uploads\/2021\/04\/cr_eCultural_banner_intro.jpg\" title=\"cr_eCultural_banner_intro\" alt=\"cr_eCultural_banner_intro\" \/>\t\t\t\t\t\t\t\t\t\t\t<\/div>\n\t\t\t\t<\/div>\n\t\t\t\t<\/div>\n\t\t\t\t<div class=\"elementor-element elementor-element-cebfdb7 elementor-widget elementor-widget-spacer\" data-id=\"cebfdb7\" data-element_type=\"widget\" data-widget_type=\"spacer.default\">\n\t\t\t\t<div class=\"elementor-widget-container\">\n\t\t\t\t\t<div class=\"elementor-spacer\">\n\t\t\t<div class=\"elementor-spacer-inner\"><\/div>\n\t\t<\/div>\n\t\t\t\t<\/div>\n\t\t\t\t<\/div>\n\t\t\t\t<div class=\"elementor-element elementor-element-2a3ac3c elementor-widget elementor-widget-heading\" data-id=\"2a3ac3c\" data-element_type=\"widget\" data-widget_type=\"heading.default\">\n\t\t\t\t<div class=\"elementor-widget-container\">\n\t\t\t<h2 class=\"elementor-heading-title elementor-size-default\">ESPA\u00c7O CULTURAL<\/h2>\t\t<\/div>\n\t\t\t\t<\/div>\n\t\t\t\t<div class=\"elementor-element elementor-element-de9c4cc elementor-nav-menu__align-center elementor-nav-menu--indicator-classic elementor-nav-menu--dropdown-tablet elementor-nav-menu__text-align-aside elementor-nav-menu--toggle elementor-nav-menu--burger elementor-widget elementor-widget-nav-menu\" data-id=\"de9c4cc\" data-element_type=\"widget\" id=\"menu-interno\" data-settings=\"{&quot;layout&quot;:&quot;horizontal&quot;,&quot;toggle&quot;:&quot;burger&quot;}\" data-widget_type=\"nav-menu.default\">\n\t\t\t\t<div class=\"elementor-widget-container\">\n\t\t\t\t\t\t<nav role=\"navigation\" class=\"elementor-nav-menu--main elementor-nav-menu__container elementor-nav-menu--layout-horizontal e--pointer-underline e--animation-fade\"><ul id=\"menu-1-de9c4cc\" class=\"elementor-nav-menu\"><li class=\"menu-item menu-item-type-custom menu-item-object-custom menu-item-468\"><a href=\"#introducao\" class=\"elementor-item elementor-item-anchor\">INTRODU\u00c7\u00c3O<\/a><\/li>\n<li class=\"menu-item menu-item-type-custom menu-item-object-custom menu-item-471\"><a href=\"#selecao-projetos\" class=\"elementor-item elementor-item-anchor\">SELE\u00c7\u00c3O DE PROJETOS<\/a><\/li>\n<li class=\"menu-item menu-item-type-custom menu-item-object-custom menu-item-472\"><a href=\"#imprensa\" class=\"elementor-item elementor-item-anchor\">IMPRENSA<\/a><\/li>\n<\/ul><\/nav>\n\t\t\t\t\t<div class=\"elementor-menu-toggle\" role=\"button\" tabindex=\"0\" aria-label=\"Menu Toggle\" aria-expanded=\"false\">\n\t\t\t<i class=\"eicon-menu-bar\" aria-hidden=\"true\"><\/i>\n\t\t\t<span class=\"elementor-screen-only\">Menu<\/span>\n\t\t<\/div>\n\t\t\t<nav class=\"elementor-nav-menu--dropdown elementor-nav-menu__container\" role=\"navigation\" aria-hidden=\"true\"><ul id=\"menu-2-de9c4cc\" class=\"elementor-nav-menu\"><li class=\"menu-item menu-item-type-custom menu-item-object-custom menu-item-468\"><a href=\"#introducao\" class=\"elementor-item elementor-item-anchor\">INTRODU\u00c7\u00c3O<\/a><\/li>\n<li class=\"menu-item menu-item-type-custom menu-item-object-custom menu-item-471\"><a href=\"#selecao-projetos\" class=\"elementor-item elementor-item-anchor\">SELE\u00c7\u00c3O DE PROJETOS<\/a><\/li>\n<li class=\"menu-item menu-item-type-custom menu-item-object-custom menu-item-472\"><a href=\"#imprensa\" class=\"elementor-item elementor-item-anchor\">IMPRENSA<\/a><\/li>\n<\/ul><\/nav>\n\t\t\t\t<\/div>\n\t\t\t\t<\/div>\n\t\t\t\t<div class=\"elementor-element elementor-element-592a4a5 elementor-widget elementor-widget-menu-anchor\" data-id=\"592a4a5\" data-element_type=\"widget\" data-widget_type=\"menu-anchor.default\">\n\t\t\t\t<div class=\"elementor-widget-container\">\n\t\t\t\t\t<div id=\"introducao\" class=\"elementor-menu-anchor\"><\/div>\n\t\t\t\t<\/div>\n\t\t\t\t<\/div>\n\t\t\t\t\t\t<\/div>\n\t\t\t\t\t<\/div>\n\t\t<\/div>\n\t\t\t\t\t\t\t\t<\/div>\n\t\t\t\t\t<\/div>\n\t\t<\/section>\n\t\t\t\t<section class=\"elementor-section elementor-top-section elementor-element elementor-element-94e45f9 elementor-section-boxed elementor-section-height-default elementor-section-height-default\" data-id=\"94e45f9\" data-element_type=\"section\">\n\t\t\t\t\t\t<div class=\"elementor-container elementor-column-gap-default\">\n\t\t\t\t\t\t\t<div class=\"elementor-row\">\n\t\t\t\t\t<div class=\"elementor-column elementor-col-100 elementor-top-column elementor-element elementor-element-f9cc262\" data-id=\"f9cc262\" data-element_type=\"column\">\n\t\t\t<div class=\"elementor-column-wrap elementor-element-populated\">\n\t\t\t\t\t\t\t<div class=\"elementor-widget-wrap\">\n\t\t\t\t\t\t<div class=\"elementor-element elementor-element-43d16a5 elementor-widget elementor-widget-text-editor\" data-id=\"43d16a5\" data-element_type=\"widget\" data-widget_type=\"text-editor.default\">\n\t\t\t\t<div class=\"elementor-widget-container\">\n\t\t\t\t\t<div class=\"elementor-text-editor elementor-clearfix\"><p><img decoding=\"async\" decoding=async  fetchpriority=\"high\" class=\"alignnone size-full wp-image-1562\" src=\"https:\/\/mlzhaolebfoy.i.optimole.com\/w:auto\/h:auto\/q:mauto\/f:best\/https:\/\/www.brde.com.br\/espacoculturalflorianopolis\/wp-content\/uploads\/2020\/12\/cr_cabecalho_marca.png\" alt=\"\" width=\"250\" height=\"60\" \/><\/p><p>O Espa\u00e7o Cultural Governador Celso Ramos est\u00e1 localizado no centro de Florian\u00f3polis, junto \u00e0 ag\u00eancia catarinense do Banco Regional de Desenvolvimento do Extremo Sul \u2013 BRDE, por quem \u00e9 mantido.<\/p><p>Inaugurado em 2002, conta com infraestrutura completa para receber exposi\u00e7\u00f5es e obras dos mais diversos estilos. Tamb\u00e9m est\u00e1 preparado para receber eventos.<\/p><p>O Espa\u00e7o incentiva artistas locais e independentes, al\u00e9m de introduzir e instigar o conhecimento de temas socioambientais e a arte. J\u00e1 passaram pelo Espa\u00e7o mais de uma centena de artistas \u2013 entre pintores, escultores, escritores e m\u00fasicos e milhares de visitantes, crian\u00e7as de turmas escolares, jovens universit\u00e1rios, adultos, idosos, homens e mulheres, muitos dos quais tendo seu primeiro contato com o universo art\u00edstico.<\/p><p>O Espa\u00e7o Cultural Governador Celso Ramos recebeu esta denomina\u00e7\u00e3o com o intuito de prestar uma justa homenagem ao ex-governador catarinense que, em 1961, teve a vis\u00e3o e a coragem de, junto com os governadores do Paran\u00e1 e do Rio Grande do Sul, fundar o BRDE, que desde ent\u00e3o trabalha pelo pleno desenvolvimento de toda Regi\u00e3o Sul.<\/p><\/div>\n\t\t\t\t<\/div>\n\t\t\t\t<\/div>\n\t\t\t\t<div class=\"elementor-element elementor-element-92fb811 elementor-widget elementor-widget-spacer\" data-id=\"92fb811\" data-element_type=\"widget\" data-widget_type=\"spacer.default\">\n\t\t\t\t<div class=\"elementor-widget-container\">\n\t\t\t\t\t<div class=\"elementor-spacer\">\n\t\t\t<div class=\"elementor-spacer-inner\"><\/div>\n\t\t<\/div>\n\t\t\t\t<\/div>\n\t\t\t\t<\/div>\n\t\t\t\t<div class=\"elementor-element elementor-element-62f37ee elementor-widget elementor-widget-image\" data-id=\"62f37ee\" data-element_type=\"widget\" data-widget_type=\"image.default\">\n\t\t\t\t<div class=\"elementor-widget-container\">\n\t\t\t\t\t<div class=\"elementor-image\">\n\t\t\t\t\t\t\t<figure class=\"wp-caption\">\n\t\t\t\t\t\t\t\t\t\t<img data-opt-src=\"https:\/\/mlzhaolebfoy.i.optimole.com\/w:auto\/h:auto\/q:mauto\/f:best\/https:\/\/brde.com.br\/espacoculturalflorianopolis\/wp-content\/uploads\/2021\/04\/cr_eCultural_introducao.jpg\"  decoding=\"async\" src=\"https:\/\/mlzhaolebfoy.i.optimole.com\/w:auto\/h:auto\/q:eco\/f:best\/https:\/\/brde.com.br\/espacoculturalflorianopolis\/wp-content\/uploads\/2021\/04\/cr_eCultural_introducao.jpg\" title=\"cr_eCultural_introducao\" alt=\"cr_eCultural_introducao\" \/>\t\t\t\t\t\t\t\t\t\t\t<figcaption class=\"widget-image-caption wp-caption-text\">Espa\u00e7o Cultural Governador Celso Ramos<br\/>Foto: Divulga\u00e7\u00e3o Espa\u00e7o Cultural BRDE<\/figcaption>\n\t\t\t\t\t\t\t\t\t\t<\/figure>\n\t\t\t\t\t<\/div>\n\t\t\t\t<\/div>\n\t\t\t\t<\/div>\n\t\t\t\t\t\t<\/div>\n\t\t\t\t\t<\/div>\n\t\t<\/div>\n\t\t\t\t\t\t\t\t<\/div>\n\t\t\t\t\t<\/div>\n\t\t<\/section>\n\t\t\t\t<section class=\"elementor-section elementor-top-section elementor-element elementor-element-ad667c7 elementor-section-full_width elementor-section-content-top elementor-section-stretched elementor-section-height-default elementor-section-height-default\" data-id=\"ad667c7\" data-element_type=\"section\" data-settings=\"{&quot;stretch_section&quot;:&quot;section-stretched&quot;}\">\n\t\t\t\t\t\t<div class=\"elementor-container elementor-column-gap-no\">\n\t\t\t\t\t\t\t<div class=\"elementor-row\">\n\t\t\t\t\t<div class=\"elementor-column elementor-col-100 elementor-top-column elementor-element elementor-element-23e0a60\" data-id=\"23e0a60\" data-element_type=\"column\">\n\t\t\t<div class=\"elementor-column-wrap elementor-element-populated\">\n\t\t\t\t\t\t\t<div class=\"elementor-widget-wrap\">\n\t\t\t\t\t\t<div class=\"elementor-element elementor-element-8cbaddb elementor-widget elementor-widget-menu-anchor\" data-id=\"8cbaddb\" data-element_type=\"widget\" data-widget_type=\"menu-anchor.default\">\n\t\t\t\t<div class=\"elementor-widget-container\">\n\t\t\t\t\t<div id=\"selecao-projetos\" class=\"elementor-menu-anchor\"><\/div>\n\t\t\t\t<\/div>\n\t\t\t\t<\/div>\n\t\t\t\t<div class=\"elementor-element elementor-element-eb1d2ec elementor-widget elementor-widget-image\" data-id=\"eb1d2ec\" data-element_type=\"widget\" data-widget_type=\"image.default\">\n\t\t\t\t<div class=\"elementor-widget-container\">\n\t\t\t\t\t<div class=\"elementor-image\">\n\t\t\t\t\t\t\t\t\t\t<img data-opt-src=\"https:\/\/mlzhaolebfoy.i.optimole.com\/w:auto\/h:auto\/q:mauto\/f:best\/https:\/\/brde.com.br\/espacoculturalflorianopolis\/wp-content\/uploads\/2021\/04\/cr_eCultural_banner_selecaoProjetos.jpg\"  decoding=\"async\" src=\"https:\/\/mlzhaolebfoy.i.optimole.com\/w:auto\/h:auto\/q:eco\/f:best\/https:\/\/brde.com.br\/espacoculturalflorianopolis\/wp-content\/uploads\/2021\/04\/cr_eCultural_banner_selecaoProjetos.jpg\" title=\"cr_eCultural_banner_selecaoProjetos\" alt=\"cr_eCultural_banner_selecaoProjetos\" \/>\t\t\t\t\t\t\t\t\t\t\t<\/div>\n\t\t\t\t<\/div>\n\t\t\t\t<\/div>\n\t\t\t\t\t\t<\/div>\n\t\t\t\t\t<\/div>\n\t\t<\/div>\n\t\t\t\t\t\t\t\t<\/div>\n\t\t\t\t\t<\/div>\n\t\t<\/section>\n\t\t\t\t<section class=\"elementor-section elementor-top-section elementor-element elementor-element-b8ffb4c elementor-section-boxed elementor-section-height-default elementor-section-height-default\" data-id=\"b8ffb4c\" data-element_type=\"section\">\n\t\t\t\t\t\t<div class=\"elementor-container elementor-column-gap-default\">\n\t\t\t\t\t\t\t<div class=\"elementor-row\">\n\t\t\t\t\t<div class=\"elementor-column elementor-col-100 elementor-top-column elementor-element elementor-element-41500c3\" data-id=\"41500c3\" data-element_type=\"column\">\n\t\t\t<div class=\"elementor-column-wrap elementor-element-populated\">\n\t\t\t\t\t\t\t<div class=\"elementor-widget-wrap\">\n\t\t\t\t\t\t<div class=\"elementor-element elementor-element-71261b1 elementor-widget elementor-widget-spacer\" data-id=\"71261b1\" data-element_type=\"widget\" data-widget_type=\"spacer.default\">\n\t\t\t\t<div class=\"elementor-widget-container\">\n\t\t\t\t\t<div class=\"elementor-spacer\">\n\t\t\t<div class=\"elementor-spacer-inner\"><\/div>\n\t\t<\/div>\n\t\t\t\t<\/div>\n\t\t\t\t<\/div>\n\t\t\t\t<div class=\"elementor-element elementor-element-4f15aa8 elementor-widget elementor-widget-menu-anchor\" data-id=\"4f15aa8\" data-element_type=\"widget\" data-widget_type=\"menu-anchor.default\">\n\t\t\t\t<div class=\"elementor-widget-container\">\n\t\t\t\t\t<div id=\"selecao-projetos\" class=\"elementor-menu-anchor\"><\/div>\n\t\t\t\t<\/div>\n\t\t\t\t<\/div>\n\t\t\t\t<div class=\"elementor-element elementor-element-35a1340 elementor-widget elementor-widget-heading\" data-id=\"35a1340\" data-element_type=\"widget\" data-widget_type=\"heading.default\">\n\t\t\t\t<div class=\"elementor-widget-container\">\n\t\t\t<h2 class=\"elementor-heading-title elementor-size-default\">SELE\u00c7\u00c3O DE PROJETOS<\/h2>\t\t<\/div>\n\t\t\t\t<\/div>\n\t\t\t\t<div class=\"elementor-element elementor-element-65c1f8a elementor-widget elementor-widget-spacer\" data-id=\"65c1f8a\" data-element_type=\"widget\" data-widget_type=\"spacer.default\">\n\t\t\t\t<div class=\"elementor-widget-container\">\n\t\t\t\t\t<div class=\"elementor-spacer\">\n\t\t\t<div class=\"elementor-spacer-inner\"><\/div>\n\t\t<\/div>\n\t\t\t\t<\/div>\n\t\t\t\t<\/div>\n\t\t\t\t<div class=\"elementor-element elementor-element-73ee117 elementor-widget elementor-widget-text-editor\" data-id=\"73ee117\" data-element_type=\"widget\" data-widget_type=\"text-editor.default\">\n\t\t\t\t<div class=\"elementor-widget-container\">\n\t\t\t\t\t<div class=\"elementor-text-editor elementor-clearfix\"><p>Desde 2002, o Espa\u00e7o Cultural BRDE \u2013 Governador Celso Ramos realiza uma convocat\u00f3ria p\u00fablica para selecionar projetos expositivos que passam a integrar seu calend\u00e1rio de atividades.<\/p><\/div>\n\t\t\t\t<\/div>\n\t\t\t\t<\/div>\n\t\t\t\t\t\t<\/div>\n\t\t\t\t\t<\/div>\n\t\t<\/div>\n\t\t\t\t\t\t\t\t<\/div>\n\t\t\t\t\t<\/div>\n\t\t<\/section>\n\t\t\t\t<section class=\"elementor-section elementor-top-section elementor-element elementor-element-1fa5765 elementor-section-full_width elementor-section-content-top elementor-section-stretched elementor-section-height-default elementor-section-height-default\" data-id=\"1fa5765\" data-element_type=\"section\" data-settings=\"{&quot;stretch_section&quot;:&quot;section-stretched&quot;}\">\n\t\t\t\t\t\t<div class=\"elementor-container elementor-column-gap-no\">\n\t\t\t\t\t\t\t<div class=\"elementor-row\">\n\t\t\t\t\t<div class=\"elementor-column elementor-col-100 elementor-top-column elementor-element elementor-element-fb0efe9\" data-id=\"fb0efe9\" data-element_type=\"column\">\n\t\t\t<div class=\"elementor-column-wrap elementor-element-populated\">\n\t\t\t\t\t\t\t<div class=\"elementor-widget-wrap\">\n\t\t\t\t\t\t<div class=\"elementor-element elementor-element-7015db2 elementor-widget elementor-widget-menu-anchor\" data-id=\"7015db2\" data-element_type=\"widget\" data-widget_type=\"menu-anchor.default\">\n\t\t\t\t<div class=\"elementor-widget-container\">\n\t\t\t\t\t<div id=\"imprensa\" class=\"elementor-menu-anchor\"><\/div>\n\t\t\t\t<\/div>\n\t\t\t\t<\/div>\n\t\t\t\t<div class=\"elementor-element elementor-element-7f4ff7e elementor-widget elementor-widget-image\" data-id=\"7f4ff7e\" data-element_type=\"widget\" data-widget_type=\"image.default\">\n\t\t\t\t<div class=\"elementor-widget-container\">\n\t\t\t\t\t<div class=\"elementor-image\">\n\t\t\t\t\t\t\t\t\t\t<img data-opt-src=\"https:\/\/mlzhaolebfoy.i.optimole.com\/w:auto\/h:auto\/q:mauto\/f:best\/https:\/\/brde.com.br\/espacoculturalflorianopolis\/wp-content\/uploads\/2021\/04\/cr_eCultural_banner_imprensa.jpg\"  decoding=\"async\" src=\"https:\/\/mlzhaolebfoy.i.optimole.com\/w:auto\/h:auto\/q:eco\/f:best\/https:\/\/brde.com.br\/espacoculturalflorianopolis\/wp-content\/uploads\/2021\/04\/cr_eCultural_banner_imprensa.jpg\" title=\"cr_eCultural_banner_imprensa\" alt=\"cr_eCultural_banner_imprensa\" \/>\t\t\t\t\t\t\t\t\t\t\t<\/div>\n\t\t\t\t<\/div>\n\t\t\t\t<\/div>\n\t\t\t\t\t\t<\/div>\n\t\t\t\t\t<\/div>\n\t\t<\/div>\n\t\t\t\t\t\t\t\t<\/div>\n\t\t\t\t\t<\/div>\n\t\t<\/section>\n\t\t\t\t<section class=\"elementor-section elementor-top-section elementor-element elementor-element-d1eaf72 elementor-section-boxed elementor-section-height-default elementor-section-height-default\" data-id=\"d1eaf72\" data-element_type=\"section\">\n\t\t\t\t\t\t<div class=\"elementor-container elementor-column-gap-default\">\n\t\t\t\t\t\t\t<div class=\"elementor-row\">\n\t\t\t\t\t<div class=\"elementor-column elementor-col-100 elementor-top-column elementor-element elementor-element-c0812fb\" data-id=\"c0812fb\" data-element_type=\"column\">\n\t\t\t<div class=\"elementor-column-wrap elementor-element-populated\">\n\t\t\t\t\t\t\t<div class=\"elementor-widget-wrap\">\n\t\t\t\t\t\t<div class=\"elementor-element elementor-element-5ec40c9 elementor-widget elementor-widget-spacer\" data-id=\"5ec40c9\" data-element_type=\"widget\" data-widget_type=\"spacer.default\">\n\t\t\t\t<div class=\"elementor-widget-container\">\n\t\t\t\t\t<div class=\"elementor-spacer\">\n\t\t\t<div class=\"elementor-spacer-inner\"><\/div>\n\t\t<\/div>\n\t\t\t\t<\/div>\n\t\t\t\t<\/div>\n\t\t\t\t<div class=\"elementor-element elementor-element-194e170 elementor-widget elementor-widget-heading\" data-id=\"194e170\" data-element_type=\"widget\" data-widget_type=\"heading.default\">\n\t\t\t\t<div class=\"elementor-widget-container\">\n\t\t\t<h2 class=\"elementor-heading-title elementor-size-default\">IMPRENSA<\/h2>\t\t<\/div>\n\t\t\t\t<\/div>\n\t\t\t\t<div class=\"elementor-element elementor-element-91fa49a elementor-widget elementor-widget-spacer\" data-id=\"91fa49a\" data-element_type=\"widget\" data-widget_type=\"spacer.default\">\n\t\t\t\t<div class=\"elementor-widget-container\">\n\t\t\t\t\t<div class=\"elementor-spacer\">\n\t\t\t<div class=\"elementor-spacer-inner\"><\/div>\n\t\t<\/div>\n\t\t\t\t<\/div>\n\t\t\t\t<\/div>\n\t\t\t\t<div class=\"elementor-element elementor-element-98af2e2 elementor-widget elementor-widget-text-editor\" data-id=\"98af2e2\" data-element_type=\"widget\" data-widget_type=\"text-editor.default\">\n\t\t\t\t<div class=\"elementor-widget-container\">\n\t\t\t\t\t<div class=\"elementor-text-editor elementor-clearfix\"><p>Jornalista ou trabalha em ve\u00edculos e canais de comunica\u00e7\u00e3o? Acesse aqui releases e fotos de nossa programa\u00e7\u00e3o. Para mais informa\u00e7\u00f5es: <a href=\"espacocultural-sc@brde.com.br\">espacocultural-sc@brde.com.br<\/a><\/p><p>\u00a0<\/p><\/div>\n\t\t\t\t<\/div>\n\t\t\t\t<\/div>\n\t\t\t\t<div class=\"elementor-element elementor-element-0b610ae elementor-widget elementor-widget-spacer\" data-id=\"0b610ae\" data-element_type=\"widget\" data-widget_type=\"spacer.default\">\n\t\t\t\t<div class=\"elementor-widget-container\">\n\t\t\t\t\t<div class=\"elementor-spacer\">\n\t\t\t<div class=\"elementor-spacer-inner\"><\/div>\n\t\t<\/div>\n\t\t\t\t<\/div>\n\t\t\t\t<\/div>\n\t\t\t\t\t\t<\/div>\n\t\t\t\t\t<\/div>\n\t\t<\/div>\n\t\t\t\t\t\t\t\t<\/div>\n\t\t\t\t\t<\/div>\n\t\t<\/section>\n\t\t\t\t\t\t<\/div>\n\t\t\t\t\t\t<\/div>\n\t\t\t\t\t<\/div>\n\t\t","protected":false},"excerpt":{"rendered":"<p>ESPA\u00c7O CULTURAL O Espa\u00e7o Cultural Governador Celso Ramos est\u00e1 localizado no centro de Florian\u00f3polis, junto \u00e0 ag\u00eancia catarinense do Banco Regional de Desenvolvimento do Extremo Sul \u2013 BRDE, por quem \u00e9 mantido. Inaugurado em 2002, conta com infraestrutura completa para receber exposi\u00e7\u00f5es e obras dos mais diversos estilos. Tamb\u00e9m est\u00e1 preparado para receber eventos. O [&hellip;]<\/p>\n","protected":false},"author":1,"featured_media":0,"parent":0,"menu_order":0,"comment_status":"closed","ping_status":"closed","template":"","meta":{"footnotes":""},"class_list":["post-466","page","type-page","status-publish","hentry"],"_links":{"self":[{"href":"https:\/\/brde.com.br\/espacoculturalflorianopolis\/wp-json\/wp\/v2\/pages\/466"}],"collection":[{"href":"https:\/\/brde.com.br\/espacoculturalflorianopolis\/wp-json\/wp\/v2\/pages"}],"about":[{"href":"https:\/\/brde.com.br\/espacoculturalflorianopolis\/wp-json\/wp\/v2\/types\/page"}],"author":[{"embeddable":true,"href":"https:\/\/brde.com.br\/espacoculturalflorianopolis\/wp-json\/wp\/v2\/users\/1"}],"replies":[{"embeddable":true,"href":"https:\/\/brde.com.br\/espacoculturalflorianopolis\/wp-json\/wp\/v2\/comments?post=466"}],"version-history":[{"count":91,"href":"https:\/\/brde.com.br\/espacoculturalflorianopolis\/wp-json\/wp\/v2\/pages\/466\/revisions"}],"predecessor-version":[{"id":2139,"href":"https:\/\/brde.com.br\/espacoculturalflorianopolis\/wp-json\/wp\/v2\/pages\/466\/revisions\/2139"}],"wp:attachment":[{"href":"https:\/\/brde.com.br\/espacoculturalflorianopolis\/wp-json\/wp\/v2\/media?parent=466"}],"curies":[{"name":"wp","href":"https:\/\/api.w.org\/{rel}","templated":true}]}}