{"id":1765,"date":"2021-04-26T22:27:45","date_gmt":"2021-04-27T01:27:45","guid":{"rendered":"https:\/\/www.brde.com.br\/espacoculturalflorianopolis\/?page_id=1765"},"modified":"2023-11-06T17:58:11","modified_gmt":"2023-11-06T20:58:11","slug":"agenda","status":"publish","type":"page","link":"https:\/\/brde.com.br\/espacoculturalflorianopolis\/agenda\/","title":{"rendered":"Agenda"},"content":{"rendered":"\t\t<div data-elementor-type=\"wp-page\" data-elementor-id=\"1765\" class=\"elementor elementor-1765\" data-elementor-settings=\"[]\">\n\t\t\t\t\t\t<div class=\"elementor-inner\">\n\t\t\t\t\t\t\t<div class=\"elementor-section-wrap\">\n\t\t\t\t\t\t\t<section class=\"elementor-section elementor-top-section elementor-element elementor-element-a9aa603 elementor-section-full_width elementor-section-height-min-height elementor-section-stretched elementor-section-height-default elementor-section-items-middle\" data-id=\"a9aa603\" data-element_type=\"section\" data-settings=\"{&quot;stretch_section&quot;:&quot;section-stretched&quot;,&quot;background_background&quot;:&quot;classic&quot;}\">\n\t\t\t\t\t\t<div class=\"elementor-container elementor-column-gap-default\">\n\t\t\t\t\t\t\t<div class=\"elementor-row\">\n\t\t\t\t\t<div class=\"elementor-column elementor-col-100 elementor-top-column elementor-element elementor-element-4820520\" data-id=\"4820520\" data-element_type=\"column\">\n\t\t\t<div class=\"elementor-column-wrap elementor-element-populated\">\n\t\t\t\t\t\t\t<div class=\"elementor-widget-wrap\">\n\t\t\t\t\t\t<div class=\"elementor-element elementor-element-6328c9a titulo-fundo-verde elementor-widget elementor-widget-text-editor\" data-id=\"6328c9a\" data-element_type=\"widget\" data-widget_type=\"text-editor.default\">\n\t\t\t\t<div class=\"elementor-widget-container\">\n\t\t\t\t\t<div class=\"elementor-text-editor elementor-clearfix\"><p>AGENDA<\/p><\/div>\n\t\t\t\t<\/div>\n\t\t\t\t<\/div>\n\t\t\t\t\t\t<\/div>\n\t\t\t\t\t<\/div>\n\t\t<\/div>\n\t\t\t\t\t\t\t\t<\/div>\n\t\t\t\t\t<\/div>\n\t\t<\/section>\n\t\t\t\t<section class=\"elementor-section elementor-top-section elementor-element elementor-element-9afbb76 elementor-section-boxed elementor-section-height-default elementor-section-height-default\" data-id=\"9afbb76\" data-element_type=\"section\">\n\t\t\t\t\t\t<div class=\"elementor-container elementor-column-gap-default\">\n\t\t\t\t\t\t\t<div class=\"elementor-row\">\n\t\t\t\t\t<div class=\"elementor-column elementor-col-100 elementor-top-column elementor-element elementor-element-6761df6\" data-id=\"6761df6\" data-element_type=\"column\">\n\t\t\t<div class=\"elementor-column-wrap elementor-element-populated\">\n\t\t\t\t\t\t\t<div class=\"elementor-widget-wrap\">\n\t\t\t\t\t\t<div class=\"elementor-element elementor-element-e82658a elementor-widget elementor-widget-text-editor\" data-id=\"e82658a\" data-element_type=\"widget\" data-widget_type=\"text-editor.default\">\n\t\t\t\t<div class=\"elementor-widget-container\">\n\t\t\t\t\t<div class=\"elementor-text-editor elementor-clearfix\"><h2 class=\"elementor-heading-title\"><b>Espa\u00e7o Cultural BRDE apresenta exposi\u00e7\u00e3o &#8216;Monachopsis&#8217; com esculturas e tem\u00e1tica de Transforma\u00e7\u00e3o<\/b><\/h2><p style=\"font-weight: 400;\">O Espa\u00e7o Cultural BRDE inaugurou, no \u00faltimo dia 25, a exposi\u00e7\u00e3o \u2018Monachopsis\u2019, que apresenta esculturas dos artistas, Federico Nahuel Casal e Yonamine. A mostra fica aberta de segunda a sexta, das 13h \u00e0s 16h, at\u00e9 o dia 22 de novembro e a entrada \u00e9 gratuita.<\/p><p style=\"font-weight: 400;\">Monachopsis aborda a transforma\u00e7\u00e3o e manipula\u00e7\u00e3o da mat\u00e9ria por meio de esculturas. Com diferentes t\u00e9cnicas, Federico e Yonamine abordam quest\u00f5es do desconforto ligado \u00e0 mudan\u00e7a e \u00e0 sensa\u00e7\u00e3o de estar deslocado em sua pr\u00f3pria condi\u00e7\u00e3o. O olhar subjetivo dos artistas busca estabelecer uma conex\u00e3o com o p\u00fablico, a fim de provocar uma reflex\u00e3o sobre a imagem de si pr\u00f3prio.<\/p><p><b>Sobre os artistas<\/b><\/p><p style=\"font-weight: 400;\">Federico Nahuel Casal, nascido na Argentina, traz sua forma\u00e7\u00e3o em Artes y Oficios e sua habilidade como soldador para plasmar figuras. Com martelo, solda e polimento, o artista molda materiais para retratar hist\u00f3rias contempor\u00e2neas e universais.<\/p><p style=\"font-weight: 400;\">Yonamine \u00e9 escultor, compositor, pintor e desenhista, atuando nessa \u00e1rea desde 2012. Sua obra \u00e9 carregada de subjetividade e busca expressar arte por meio de formas, sons, luzes e sombras.<\/p><p style=\"font-weight: 400;\"><strong>Espa\u00e7o Cultural BRDE<\/strong><\/p><p style=\"font-weight: 400;\">O Espa\u00e7o Cultural BRDE Governador Celso Ramos \u00e9 ponto de refer\u00eancia no cen\u00e1rio cultural desde sua inaugura\u00e7\u00e3o em 2002. Al\u00e9m de promover exposi\u00e7\u00f5es de alta qualidade, o espa\u00e7o tamb\u00e9m desempenha papel no apoio aos artistas locais e independentes, que contribuem para o enriquecimento da cena cultural da cidade e assim, promover o conhecimento de temas socioambientais por meio da arte.<\/p><p style=\"font-weight: 400;\">A exposi\u00e7\u00e3o fica localizada na Av. Herc\u00edlio Luz, 617, Centro, Florian\u00f3polis. Para mais informa\u00e7\u00f5es sobre a mostra e o Espa\u00e7o Cultural BRDE, \u00e9 poss\u00edvel entrar em contato pelo email\u00a0<a href=\"mailto:espacoculturalbrde@gmail.com\">espacoculturalbrde@gmail.com<\/a>\u00a0ou pelo telefone (48) 3221-8100.<\/p><\/div>\n\t\t\t\t<\/div>\n\t\t\t\t<\/div>\n\t\t\t\t\t\t<\/div>\n\t\t\t\t\t<\/div>\n\t\t<\/div>\n\t\t\t\t\t\t\t\t<\/div>\n\t\t\t\t\t<\/div>\n\t\t<\/section>\n\t\t\t\t\t\t<\/div>\n\t\t\t\t\t\t<\/div>\n\t\t\t\t\t<\/div>\n\t\t","protected":false},"excerpt":{"rendered":"<p>AGENDA Espa\u00e7o Cultural BRDE apresenta exposi\u00e7\u00e3o &#8216;Monachopsis&#8217; com esculturas e tem\u00e1tica de Transforma\u00e7\u00e3o O Espa\u00e7o Cultural BRDE inaugurou, no \u00faltimo dia 25, a exposi\u00e7\u00e3o \u2018Monachopsis\u2019, que apresenta esculturas dos artistas, Federico Nahuel Casal e Yonamine. A mostra fica aberta de segunda a sexta, das 13h \u00e0s 16h, at\u00e9 o dia 22 de novembro e a [&hellip;]<\/p>\n","protected":false},"author":2,"featured_media":1283,"parent":0,"menu_order":0,"comment_status":"closed","ping_status":"closed","template":"","meta":{"footnotes":""},"class_list":["post-1765","page","type-page","status-publish","has-post-thumbnail","hentry"],"_links":{"self":[{"href":"https:\/\/brde.com.br\/espacoculturalflorianopolis\/wp-json\/wp\/v2\/pages\/1765"}],"collection":[{"href":"https:\/\/brde.com.br\/espacoculturalflorianopolis\/wp-json\/wp\/v2\/pages"}],"about":[{"href":"https:\/\/brde.com.br\/espacoculturalflorianopolis\/wp-json\/wp\/v2\/types\/page"}],"author":[{"embeddable":true,"href":"https:\/\/brde.com.br\/espacoculturalflorianopolis\/wp-json\/wp\/v2\/users\/2"}],"replies":[{"embeddable":true,"href":"https:\/\/brde.com.br\/espacoculturalflorianopolis\/wp-json\/wp\/v2\/comments?post=1765"}],"version-history":[{"count":16,"href":"https:\/\/brde.com.br\/espacoculturalflorianopolis\/wp-json\/wp\/v2\/pages\/1765\/revisions"}],"predecessor-version":[{"id":2145,"href":"https:\/\/brde.com.br\/espacoculturalflorianopolis\/wp-json\/wp\/v2\/pages\/1765\/revisions\/2145"}],"wp:featuredmedia":[{"embeddable":true,"href":"https:\/\/brde.com.br\/espacoculturalflorianopolis\/wp-json\/wp\/v2\/media\/1283"}],"wp:attachment":[{"href":"https:\/\/brde.com.br\/espacoculturalflorianopolis\/wp-json\/wp\/v2\/media?parent=1765"}],"curies":[{"name":"wp","href":"https:\/\/api.w.org\/{rel}","templated":true}]}}